{"id":47,"date":"2017-07-21T20:16:54","date_gmt":"2017-07-21T20:16:54","guid":{"rendered":"http:\/\/sercom.co\/?page_id=47"},"modified":"2022-03-15T07:16:30","modified_gmt":"2022-03-15T07:16:30","slug":"servicios","status":"publish","type":"page","link":"https:\/\/sercom.co\/index.php\/servicios\/","title":{"rendered":"Servicios"},"content":{"rendered":"\n<div style=\"height:40px\" aria-hidden=\"true\" class=\"wp-block-spacer\"><\/div>\n\n\n\n<h3 class=\"has-text-align-center\"><strong>NUESTROS SERVICIOS EST\u00c1N PENSADOS EN LAS NECESIDADES DE TU EMPRESA.<\/strong><\/h3>\n\n\n\n<h6 class=\"has-text-align-center\">Si tienes dudas o quieres m\u00e1s informaci\u00f3n ponte en contacto con nosotros.<\/h6>\n\n\n\n<div class=\"wp-block-image\"><figure class=\"aligncenter size-full is-resized\"><img loading=\"lazy\" src=\"http:\/\/sercom.co\/wp-content\/uploads\/2022\/03\/iconosservicios-17.jpg\" alt=\"\" class=\"wp-image-561\" width=\"838\" height=\"144\" srcset=\"https:\/\/sercom.co\/wp-content\/uploads\/2022\/03\/iconosservicios-17.jpg 1676w, https:\/\/sercom.co\/wp-content\/uploads\/2022\/03\/iconosservicios-17-300x51.jpg 300w, https:\/\/sercom.co\/wp-content\/uploads\/2022\/03\/iconosservicios-17-1024x175.jpg 1024w, https:\/\/sercom.co\/wp-content\/uploads\/2022\/03\/iconosservicios-17-768x132.jpg 768w, https:\/\/sercom.co\/wp-content\/uploads\/2022\/03\/iconosservicios-17-1536x263.jpg 1536w\" sizes=\"(max-width: 838px) 100vw, 838px\" \/><\/figure><\/div>\n\n\n\n<figure class=\"wp-block-image alignwide size-full\"><img loading=\"lazy\" width=\"2079\" height=\"905\" src=\"http:\/\/sercom.co\/wp-content\/uploads\/2022\/02\/P-SERVICIOS-27-2.jpg\" alt=\"\" class=\"wp-image-465\" srcset=\"https:\/\/sercom.co\/wp-content\/uploads\/2022\/02\/P-SERVICIOS-27-2.jpg 2079w, https:\/\/sercom.co\/wp-content\/uploads\/2022\/02\/P-SERVICIOS-27-2-300x131.jpg 300w, https:\/\/sercom.co\/wp-content\/uploads\/2022\/02\/P-SERVICIOS-27-2-1024x446.jpg 1024w, https:\/\/sercom.co\/wp-content\/uploads\/2022\/02\/P-SERVICIOS-27-2-768x334.jpg 768w, https:\/\/sercom.co\/wp-content\/uploads\/2022\/02\/P-SERVICIOS-27-2-1536x669.jpg 1536w, https:\/\/sercom.co\/wp-content\/uploads\/2022\/02\/P-SERVICIOS-27-2-2048x892.jpg 2048w\" sizes=\"(max-width: 2079px) 100vw, 2079px\" \/><\/figure>\n\n\n\n<p><\/p>\n\n\n\n<h5 class=\"has-text-align-center\"><a href=\"#riesgo\">Para intervenir los diferentes riesgos en las empresas se han venido implementando estrategias como: <\/a><\/h5>\n\n\n\n<ul><li><strong>Sketch.<\/strong><\/li><li>Videos <strong>2D y 3D.<\/strong><\/li><li>Elaboraci\u00f3n de<strong> juegos.<\/strong><\/li><li><strong>Coach<\/strong> para crear cultura de seguridad.<\/li><\/ul>\n\n\n\n<figure class=\"wp-block-image size-large\" id=\"riesgo\"><img loading=\"lazy\" width=\"1024\" height=\"446\" src=\"http:\/\/sercom.co\/wp-content\/uploads\/2022\/02\/P-SERVICIOS2-26-1024x446.jpg\" alt=\"\" class=\"wp-image-470\" srcset=\"https:\/\/sercom.co\/wp-content\/uploads\/2022\/02\/P-SERVICIOS2-26-1024x446.jpg 1024w, https:\/\/sercom.co\/wp-content\/uploads\/2022\/02\/P-SERVICIOS2-26-300x131.jpg 300w, https:\/\/sercom.co\/wp-content\/uploads\/2022\/02\/P-SERVICIOS2-26-768x334.jpg 768w, https:\/\/sercom.co\/wp-content\/uploads\/2022\/02\/P-SERVICIOS2-26-1536x669.jpg 1536w, https:\/\/sercom.co\/wp-content\/uploads\/2022\/02\/P-SERVICIOS2-26-2048x892.jpg 2048w\" sizes=\"(max-width: 1024px) 100vw, 1024px\" \/><\/figure>\n\n\n\n<h5 class=\"has-text-align-center\"><strong>Para intervenir el riesgo psicosocial en las empresas hemos venido implementando las siguientes estrategias:<\/strong> <\/h5>\n\n\n\n<ul><li>Actividades de <strong>desconexi\u00f3n laboral.<\/strong><\/li><li>Talleres de <strong>relajaci\u00f3n.<\/strong><\/li><li>Talleres de desarrollo de <strong>habilidades blandas.<\/strong><\/li><li>Evaluaci\u00f3n de <strong>carga mental para horas extras.<\/strong><\/li><li>Tardes con<strong> amigos.<\/strong><\/li><li>Talleres <strong>control de estr\u00e9s.<\/strong><\/li><li>Actividades con <strong>perros.<\/strong><\/li><li>Evaluaci\u00f3n de riesgo psicosocial a trav\u00e9s de <strong>cuestionarios, APT y grupos focales.<\/strong><\/li><\/ul>\n\n\n\n<p><\/p>\n\n\n\n<figure class=\"wp-block-image alignwide size-full\" id=\"medicina\"><img loading=\"lazy\" width=\"2079\" height=\"905\" src=\"http:\/\/sercom.co\/wp-content\/uploads\/2022\/02\/P-SERVICIOS-29.jpg\" alt=\"\" class=\"wp-image-460\" srcset=\"https:\/\/sercom.co\/wp-content\/uploads\/2022\/02\/P-SERVICIOS-29.jpg 2079w, https:\/\/sercom.co\/wp-content\/uploads\/2022\/02\/P-SERVICIOS-29-300x131.jpg 300w, https:\/\/sercom.co\/wp-content\/uploads\/2022\/02\/P-SERVICIOS-29-1024x446.jpg 1024w, https:\/\/sercom.co\/wp-content\/uploads\/2022\/02\/P-SERVICIOS-29-768x334.jpg 768w, https:\/\/sercom.co\/wp-content\/uploads\/2022\/02\/P-SERVICIOS-29-1536x669.jpg 1536w, https:\/\/sercom.co\/wp-content\/uploads\/2022\/02\/P-SERVICIOS-29-2048x892.jpg 2048w\" sizes=\"(max-width: 2079px) 100vw, 2079px\" \/><\/figure>\n\n\n\n<p><\/p>\n\n\n\n<h5 class=\"has-text-align-center\">Dentro de las actividades de medicina del trabajo contamos con medico, enfermera y auxiliar de enfermer\u00eda especialista en SST. Algunas actividades a desarrollar son:<\/h5>\n\n\n\n<ul><li>Toma de <strong>peso, talla y tensi\u00f3n.<\/strong><\/li><li><strong>Capacitaciones<\/strong> en diferentes temas.<\/li><li>Elaboraci\u00f3n de <strong>profesiograma<\/strong>.<\/li><li><strong>Ex\u00e1men m\u00e9dico ocupacional intramural.<\/strong><\/li><\/ul>\n\n\n\n<figure class=\"wp-block-image alignwide size-full\" id=\"emergencia\"><img loading=\"lazy\" width=\"2079\" height=\"905\" src=\"http:\/\/sercom.co\/wp-content\/uploads\/2022\/02\/P-SERVICIOS2-28.jpg\" alt=\"\" class=\"wp-image-471\" srcset=\"https:\/\/sercom.co\/wp-content\/uploads\/2022\/02\/P-SERVICIOS2-28.jpg 2079w, https:\/\/sercom.co\/wp-content\/uploads\/2022\/02\/P-SERVICIOS2-28-300x131.jpg 300w, https:\/\/sercom.co\/wp-content\/uploads\/2022\/02\/P-SERVICIOS2-28-1024x446.jpg 1024w, https:\/\/sercom.co\/wp-content\/uploads\/2022\/02\/P-SERVICIOS2-28-768x334.jpg 768w, https:\/\/sercom.co\/wp-content\/uploads\/2022\/02\/P-SERVICIOS2-28-1536x669.jpg 1536w, https:\/\/sercom.co\/wp-content\/uploads\/2022\/02\/P-SERVICIOS2-28-2048x892.jpg 2048w\" sizes=\"(max-width: 2079px) 100vw, 2079px\" \/><\/figure>\n\n\n\n<p><\/p>\n\n\n\n<p><\/p>\n\n\n\n<h5 class=\"has-text-align-center\">Dentro de <strong>brigadas de emergencia SERCOM<\/strong> ha venido acompa\u00f1ando a las empresas en el desarrollo de habilidades de los brigadistas en temas como:<\/h5>\n\n\n\n<ul><li><strong>Primeros Auxilios.<\/strong><\/li><li><strong>Evacuaci\u00f3n.<\/strong><\/li><li><strong>Incendios.<\/strong><\/li><li><strong>Primer respondiente.<\/strong><\/li><\/ul>\n\n\n\n<figure class=\"wp-block-image alignwide size-full\" id=\"sst\"><img loading=\"lazy\" width=\"2079\" height=\"905\" src=\"http:\/\/sercom.co\/wp-content\/uploads\/2022\/02\/P-SERVICIOS-30-1.jpg\" alt=\"\" class=\"wp-image-467\" srcset=\"https:\/\/sercom.co\/wp-content\/uploads\/2022\/02\/P-SERVICIOS-30-1.jpg 2079w, https:\/\/sercom.co\/wp-content\/uploads\/2022\/02\/P-SERVICIOS-30-1-300x131.jpg 300w, https:\/\/sercom.co\/wp-content\/uploads\/2022\/02\/P-SERVICIOS-30-1-1024x446.jpg 1024w, https:\/\/sercom.co\/wp-content\/uploads\/2022\/02\/P-SERVICIOS-30-1-768x334.jpg 768w, https:\/\/sercom.co\/wp-content\/uploads\/2022\/02\/P-SERVICIOS-30-1-1536x669.jpg 1536w, https:\/\/sercom.co\/wp-content\/uploads\/2022\/02\/P-SERVICIOS-30-1-2048x892.jpg 2048w\" sizes=\"(max-width: 2079px) 100vw, 2079px\" \/><\/figure>\n\n\n\n<h5 class=\"has-text-align-center\">SERCOM cuenta con <strong>profesionales<\/strong> con la capacidad para dise\u00f1ar e implementar el sistema de gesti\u00f3n en las diferentes empresas.<\/h5>\n\n\n\n<ul><li><span style=\"font-size: 0.875rem;\"><strong>Abogado<\/strong> Especialista en SST.<\/span><\/li><li><strong>Ingeniera Qu\u00edmica<\/strong> especialista en SST.<\/li><li><strong>Ingeniero Industrial<\/strong> especialista en SST.<\/li><li><strong>Ingeniero Ambiental<\/strong> especialista en SST.<\/li><li><strong>Profesional<\/strong> en SST.<\/li><li><strong>Terapeuta Ocupacional <\/strong>especialista en SST.<\/li><li><strong>Fisioterapeuta<\/strong> especialista en SST.<\/li><li><strong>Auxiliar de Enfermer\u00eda <\/strong>especialista en SST.<\/li><li><strong>M\u00e9dico<\/strong> especialista en SST.<\/li><li><strong>Psic\u00f3loga<\/strong> especialista en SST.<\/li><\/ul>\n\n\n\n<figure class=\"wp-block-image alignwide size-full\"><img loading=\"lazy\" width=\"2079\" height=\"905\" src=\"http:\/\/sercom.co\/wp-content\/uploads\/2022\/02\/P-SERVICIOS2-31.jpg\" alt=\"\" class=\"wp-image-472\" srcset=\"https:\/\/sercom.co\/wp-content\/uploads\/2022\/02\/P-SERVICIOS2-31.jpg 2079w, https:\/\/sercom.co\/wp-content\/uploads\/2022\/02\/P-SERVICIOS2-31-300x131.jpg 300w, https:\/\/sercom.co\/wp-content\/uploads\/2022\/02\/P-SERVICIOS2-31-1024x446.jpg 1024w, https:\/\/sercom.co\/wp-content\/uploads\/2022\/02\/P-SERVICIOS2-31-768x334.jpg 768w, https:\/\/sercom.co\/wp-content\/uploads\/2022\/02\/P-SERVICIOS2-31-1536x669.jpg 1536w, https:\/\/sercom.co\/wp-content\/uploads\/2022\/02\/P-SERVICIOS2-31-2048x892.jpg 2048w\" sizes=\"(max-width: 2079px) 100vw, 2079px\" \/><\/figure>\n\n\n\n<h5 class=\"has-text-align-center\"><strong>TENIENDO EN CUENTA LA EMERGENCIA SANITARIA ACTUAL APOYAMOS A LAS EMPRESAS EN:<\/strong><\/h5>\n\n\n\n<ul><li>Desarrollo de <strong>habilidades para l\u00edderes.<\/strong><\/li><li>Coach para manejo de <strong>ansiedad \u2013 incertidumbre<\/strong> en directivos.<\/li><li>Talleres para manejo de <strong>depresi\u00f3n, ansiedad, duelo y miedo.<\/strong><\/li><li>Sketch sobre <strong>salud mental.<\/strong><\/li><li>Estilos de <strong>vida saludable.<\/strong><\/li><li>Elaboraci\u00f3n protocolos de <strong>bioseguridad.<\/strong><\/li><li>Actividades en b\u00fasqueda de equilibrio <strong>trabajo \u2013 familia.<\/strong><\/li><li>Atenci\u00f3n psicol\u00f3gica <strong>asistencial \u2013 psic\u00f3loga cl\u00ednica.<\/strong><\/li><li>Desarrollo programa como gestionar el <strong>malestar psicol\u00f3gico Post covid 19.<\/strong><\/li><li><strong>Primeros Auxilios Psicol\u00f3gicos<\/strong> para las familias.<\/li><\/ul>\n\n\n\n<div class=\"wp-block-image\"><figure class=\"aligncenter size-full is-resized\"><img loading=\"lazy\" src=\"http:\/\/sercom.co\/wp-content\/uploads\/2022\/03\/disenamos-16.jpg\" alt=\"\" class=\"wp-image-558\" width=\"817\" height=\"120\" srcset=\"https:\/\/sercom.co\/wp-content\/uploads\/2022\/03\/disenamos-16.jpg 1634w, https:\/\/sercom.co\/wp-content\/uploads\/2022\/03\/disenamos-16-300x44.jpg 300w, https:\/\/sercom.co\/wp-content\/uploads\/2022\/03\/disenamos-16-1024x150.jpg 1024w, https:\/\/sercom.co\/wp-content\/uploads\/2022\/03\/disenamos-16-768x112.jpg 768w, https:\/\/sercom.co\/wp-content\/uploads\/2022\/03\/disenamos-16-1536x225.jpg 1536w\" sizes=\"(max-width: 817px) 100vw, 817px\" \/><\/figure><\/div>\n\n\n\n<ul><li>Programa <strong>Seguridad Vial.<\/strong><\/li><li>Programa de <strong>Neuro seguridad.<\/strong><\/li><li>Programa <strong>Biomec\u00e1nico.<\/strong> (Realizaci\u00f3n APT e Inspecciones).<\/li><li>Programa<strong> Psicosocial.<\/strong><\/li><li>Programa de <strong>Orden y Aseo.<\/strong><\/li><li>Programa de <strong>Riesgo Qu\u00edmico.<\/strong><\/li><li>Programa de <strong>Estilos de vida y Trabajo Saludable.<\/strong><\/li><li>Programa de <strong>Prevenci\u00f3n alcohol, tabaco y otras sustancias psicoactivas.<\/strong><\/li><li>Programa de <strong>Alturas.<\/strong><\/li><\/ul>\n\n\n\n<div id=\"auditorias\" class=\"wp-block-image\"><figure class=\"aligncenter size-full is-resized\"><img loading=\"lazy\" src=\"http:\/\/sercom.co\/wp-content\/uploads\/2022\/03\/auditorias-18.jpg\" alt=\"\" class=\"wp-image-559\" width=\"817\" height=\"120\" srcset=\"https:\/\/sercom.co\/wp-content\/uploads\/2022\/03\/auditorias-18.jpg 1634w, https:\/\/sercom.co\/wp-content\/uploads\/2022\/03\/auditorias-18-300x44.jpg 300w, https:\/\/sercom.co\/wp-content\/uploads\/2022\/03\/auditorias-18-1024x150.jpg 1024w, https:\/\/sercom.co\/wp-content\/uploads\/2022\/03\/auditorias-18-768x112.jpg 768w, https:\/\/sercom.co\/wp-content\/uploads\/2022\/03\/auditorias-18-1536x225.jpg 1536w\" sizes=\"(max-width: 817px) 100vw, 817px\" \/><\/figure><\/div>\n\n\n\n<ul><li><strong>SG de SST reglamentada d<\/strong>ecreto 1072.<\/li><li>ISO <strong>45001:2018.<\/strong><\/li><li>ISO <strong>14001:2015.<\/strong><\/li><li><strong>Ruc.<\/strong><\/li><\/ul>\n\n\n\n<div class=\"wp-container-1 wp-block-buttons alignwide\">\n<div class=\"wp-block-button aligncenter is-style-fill\"><a class=\"wp-block-button__link\" href=\"https:\/\/sercom.co\/index.php\/contacto\/\"><strong>Quiero m\u00e1s informaci\u00f3n<\/strong><\/a><\/div>\n<\/div>\n","protected":false},"excerpt":{"rendered":"<p>NUESTROS SERVICIOS EST\u00c1N PENSADOS EN LAS NECESIDADES DE TU EMPRESA. Si tienes dudas o quieres m\u00e1s informaci\u00f3n ponte en contacto con nosotros. Para intervenir los diferentes riesgos en las empresas &#8230;<\/p>\n","protected":false},"author":1,"featured_media":0,"parent":0,"menu_order":0,"comment_status":"closed","ping_status":"closed","template":"","meta":[],"_links":{"self":[{"href":"https:\/\/sercom.co\/index.php\/wp-json\/wp\/v2\/pages\/47"}],"collection":[{"href":"https:\/\/sercom.co\/index.php\/wp-json\/wp\/v2\/pages"}],"about":[{"href":"https:\/\/sercom.co\/index.php\/wp-json\/wp\/v2\/types\/page"}],"author":[{"embeddable":true,"href":"https:\/\/sercom.co\/index.php\/wp-json\/wp\/v2\/users\/1"}],"replies":[{"embeddable":true,"href":"https:\/\/sercom.co\/index.php\/wp-json\/wp\/v2\/comments?post=47"}],"version-history":[{"count":92,"href":"https:\/\/sercom.co\/index.php\/wp-json\/wp\/v2\/pages\/47\/revisions"}],"predecessor-version":[{"id":657,"href":"https:\/\/sercom.co\/index.php\/wp-json\/wp\/v2\/pages\/47\/revisions\/657"}],"wp:attachment":[{"href":"https:\/\/sercom.co\/index.php\/wp-json\/wp\/v2\/media?parent=47"}],"curies":[{"name":"wp","href":"https:\/\/api.w.org\/{rel}","templated":true}]}}